{"id":304,"date":"2017-11-24T07:54:50","date_gmt":"2017-11-24T07:54:50","guid":{"rendered":"http:\/\/www.personal.ac.tuiasi.ro\/adrian-alexandrescu\/?page_id=304"},"modified":"2026-01-29T16:59:30","modified_gmt":"2026-01-29T16:59:30","slug":"date-personale","status":"publish","type":"page","link":"http:\/\/www.personal.ac.tuiasi.ro\/adrian-alexandrescu\/date-personale\/","title":{"rendered":"Date personale"},"content":{"rendered":"<h3 id=\"Date-generale\">Informa\u021bii generale<\/h3>\n<table id=\"tablepress-despre\" class=\"tablepress tablepress-id-despre datePersonaleTable\">\n<tbody class=\"row-hover\">\n<tr class=\"row-1\">\n<td class=\"column-1\">Nume \u0219i prenume<\/td>\n<td class=\"column-2\">Alexandrescu Adrian<\/td>\n<\/tr>\n<tr class=\"row-2\">\n<td class=\"column-1\">Grad didactic<\/td>\n<td class=\"column-2\">profesor, dr. ing.<\/td>\n<\/tr>\n<tr class=\"row-3\">\n<td class=\"column-1\">Departamentul<\/td>\n<td class=\"column-2\">Calculatoare<\/td>\n<\/tr>\n<tr class=\"row-4\">\n<td class=\"column-1\">Facultatea<\/td>\n<td class=\"column-2\">Automatic\u0103 \u0219i Calculatoare<\/td>\n<\/tr>\n<tr class=\"row-5\">\n<td class=\"column-1\">Universitatea<\/td>\n<td class=\"column-2\">Tehnic\u0103 &#8220;Gheorghe Asachi&#8221; din Ia\u0219i<\/td>\n<\/tr>\n<tr class=\"row-6\">\n<td class=\"column-1\">Birou<\/td>\n<td class=\"column-2\">&#8211;<\/td>\n<\/tr>\n<tr class=\"row-7\">\n<td class=\"column-1\">Telefon \u0219i interior<\/td>\n<td class=\"column-2\">+40-232-278683 &#8211;<\/td>\n<\/tr>\n<tr class=\"row-8\">\n<td class=\"column-1\">Email<\/td>\n<td class=\"column-2\">aa&#108;&#101;&#x78;&#x61;&#x6e;&#x64;re&#115;&#99;&#x75;&#x40;&#x74;&#x75;ia&#115;&#105;&#46;&#x72;&#x6f;<\/td>\n<\/tr>\n<tr class=\"row-9\">\n<td class=\"column-1\">Program consulta\u021bii<\/td>\n<td class=\"column-2\">programare prin email<\/td>\n<\/tr>\n<tr class=\"row-10\">\n<td class=\"column-1\">Data \u0219i locul na\u0219terii<\/td>\n<td class=\"column-2\">martie 1984, mun. R\u0103d\u0103u\u021bi, jud. Suceava<\/td>\n<\/tr>\n<\/tbody>\n<\/table>\n<h3 id=\"Experien\u021ba-profesional\u0103\">Experien\u021ba profesional\u0103<\/h3>\n<p>\u00cen cadrul Facult\u0103\u021bii de Automatic\u0103 \u0219i Calculatoare, Universitatea Tehnic\u0103 &#8220;Gheorghe Asachi&#8221; din Ia\u0219i:<\/p>\n<ul>\n<li>Profesor universitar (2026 &#8211; prezent)<\/li>\n<li>Conferen\u021biar universitar (2025 &#8211; 2026)<\/li>\n<li>\u0218ef de lucr\u0103ri (2014 &#8211; 2025)<\/li>\n<li>Asistent universitar pe perioad\u0103 nedeterminat\u0103 (2013 &#8211; 2014)<\/li>\n<li>Asistent universitar pe perioad\u0103 determinat\u0103 (2012 &#8211; 2013)<\/li>\n<li>Colaborator (2009 &#8211; 2012)<\/li>\n<\/ul>\n<p>\u00cen cadrul S.C. Yoterra S.R.L. Ia\u0219i:<\/p>\n<ul>\n<li>Programator Java (2006 &#8211; 2008)<\/li>\n<\/ul>\n<h3 id=\"Educa\u021bie\">Educa\u021bie<\/h3>\n<p><strong>Doctor \u00een domeniul Calculatoare \u0219i tehnologia informa\u021biei (2009-2012)<\/strong><br \/>\nTitlul tezei:\u00a0<em>Applications of Artificial Intelligence in Heterogeneous Computing Systems<\/em><br \/>\nFacultatea de Automatic\u0103 \u0219i Calculatoare, Universitatea Tehnic\u0103 &#8220;Gheorghe Asachi&#8221; din Ia\u0219i<br \/>\n(stagiu de 6 luni \u00een cadrul Distributed Systems Group de la Universitatea Tehnic\u0103 din Viena)<\/p>\n<p><strong>Inginer masterand \u00een Sisteme distribuite (2008-2009)<br \/>\n<\/strong>Titlul tezei:\u00a0<em>Sistem distribuit de management a fi\u0219ierelor<\/em><br \/>\nFacultatea de Automatic\u0103 \u0219i Calculatoare, Universitatea Tehnic\u0103 &#8220;Gheorghe Asachi&#8221; din Ia\u0219i<\/p>\n<p><strong>Inginer diplomat \u00een Calculatoare (2003-2008)<br \/>\n<\/strong>Titlul tezei:\u00a0<em>Platform\u0103 de algoritmi genetici: Problema orarului<\/em><br \/>\nFacultatea de Automatic\u0103 \u0219i Calculatoare, Universitatea Tehnic\u0103 &#8220;Gheorghe Asachi&#8221; din Ia\u0219i<\/p>\n<p><strong>Studii liceale (1999-2003)<\/strong><br \/>\nProfilul: matematic\u0103-informatic\u0103<br \/>\nColegiul Na\u021bional &#8220;Eudoxiu Hurmuzachi&#8221; din R\u0103d\u0103u\u021bi, jud. Suceava<\/p>\n<h3 id=\"Tehnologii-cunoscute-\u0219i-utili\">Tehnologii cunoscute \u0219i utilizate<\/h3>\n<ul>\n<li>Java SE (Standard Edition), Java EE (Enterprise Edition) &#8211; Servlets, JSP, EJB, servicii web, Eclipse IDE<\/li>\n<li>HTML, XHTML, CSS, XML, DTD, JSON, JavaScript, framework-uri \u0219i biblioteci CSS \u0219i JS, PHP<\/li>\n<li>Action Script 3.0, Flex 3 \u0219i 4, Adobe Flash Builder 4<\/li>\n<li>Programare paralel\u0103 OpenMP \u0219i MPI (Message Passing Interface)<\/li>\n<li>C, C++, C#<\/li>\n<li>Baze de date MySQL, Google Datastore<\/li>\n<li>Adobe Photoshop, Adobe Illustrator<\/li>\n<li>Suita Microsoft Office, VBA, LaTeX<\/li>\n<li>Sisteme de versionare (SVN, Git, Mercurial), BitBucket, ANT, Bugzilla, Luntbuild<\/li>\n<\/ul>\n<h3 id=\"Hobbyuri\">Hobbyuri<\/h3>\n<ul>\n<li>Practicarea activit\u0103\u021bilor sportive: fotbal, ski, patinaj, tenis de c\u00e2mp \u0219i de mas\u0103<\/li>\n<li>C\u0103l\u0103toriile<\/li>\n<li>Jocurile de societate<\/li>\n<\/ul>\n","protected":false},"excerpt":{"rendered":"<p>Informa\u021bii generale Nume \u0219i prenume Alexandrescu Adrian Grad didactic profesor, dr. ing. Departamentul Calculatoare Facultatea Automatic\u0103 \u0219i Calculatoare Universitatea Tehnic\u0103 &#8220;Gheorghe Asachi&#8221; din Ia\u0219i Birou &#8211; Telefon \u0219i interior +40-232-278683 &#8211; Email &#x61;&#97;&#x6c;&#101;x&#x61;&#110;d&#x72;&#101;&#x73;&#x63;u&#x40;&#116;u&#x69;&#97;&#x73;&#x69;&#46;&#x72;&#111; Program consulta\u021bii programare prin email Data \u0219i locul na\u0219terii martie 1984, mun. R\u0103d\u0103u\u021bi, jud. Suceava Experien\u021ba profesional\u0103 \u00cen cadrul Facult\u0103\u021bii de Automatic\u0103 [&hellip;]<\/p>\n","protected":false},"author":8,"featured_media":0,"parent":0,"menu_order":0,"comment_status":"closed","ping_status":"closed","template":"","meta":{"_links_to":"","_links_to_target":""},"_links":{"self":[{"href":"http:\/\/www.personal.ac.tuiasi.ro\/adrian-alexandrescu\/wp-json\/wp\/v2\/pages\/304"}],"collection":[{"href":"http:\/\/www.personal.ac.tuiasi.ro\/adrian-alexandrescu\/wp-json\/wp\/v2\/pages"}],"about":[{"href":"http:\/\/www.personal.ac.tuiasi.ro\/adrian-alexandrescu\/wp-json\/wp\/v2\/types\/page"}],"author":[{"embeddable":true,"href":"http:\/\/www.personal.ac.tuiasi.ro\/adrian-alexandrescu\/wp-json\/wp\/v2\/users\/8"}],"replies":[{"embeddable":true,"href":"http:\/\/www.personal.ac.tuiasi.ro\/adrian-alexandrescu\/wp-json\/wp\/v2\/comments?post=304"}],"version-history":[{"count":15,"href":"http:\/\/www.personal.ac.tuiasi.ro\/adrian-alexandrescu\/wp-json\/wp\/v2\/pages\/304\/revisions"}],"predecessor-version":[{"id":803,"href":"http:\/\/www.personal.ac.tuiasi.ro\/adrian-alexandrescu\/wp-json\/wp\/v2\/pages\/304\/revisions\/803"}],"wp:attachment":[{"href":"http:\/\/www.personal.ac.tuiasi.ro\/adrian-alexandrescu\/wp-json\/wp\/v2\/media?parent=304"}],"curies":[{"name":"wp","href":"https:\/\/api.w.org\/{rel}","templated":true}]}}