{"id":136,"date":"2017-11-19T07:39:09","date_gmt":"2017-11-19T07:39:09","guid":{"rendered":"http:\/\/www.personal.ac.tuiasi.ro\/adrian-alexandrescu\/?page_id=136"},"modified":"2020-07-18T22:04:54","modified_gmt":"2020-07-18T22:04:54","slug":"didactic","status":"publish","type":"page","link":"http:\/\/www.personal.ac.tuiasi.ro\/adrian-alexandrescu\/didactic\/","title":{"rendered":"Didactic"},"content":{"rendered":"<h3 id=\"Orar-facultate\">Orar facultate<\/h3>\n\n<table id=\"tablepress-orar_sem2\" class=\"tablepress tablepress-id-orar_sem2\">\n<thead>\n<tr class=\"row-1 odd\">\n\t<th class=\"column-1\">zi<\/th><th class=\"column-2\">or\u0103<\/th><th class=\"column-3\">disciplin\u0103<\/th><th class=\"column-4\">tip<\/th><th class=\"column-5\">sal\u0103<\/th><th class=\"column-6\">grup\u0103<\/th>\n<\/tr>\n<\/thead>\n<tbody class=\"row-hover\">\n<tr class=\"row-2 even\">\n\t<td rowspan=\"3\" class=\"column-1\">Luni<\/td><td class=\"column-2\">08:00 - 10:00<\/td><td class=\"column-3\">Tehnologii Internet - proiect<\/td><td class=\"column-4\">laborator<\/td><td class=\"column-5\">C0-4<\/td><td class=\"column-6\">1310A\/1310B<\/td>\n<\/tr>\n<tr class=\"row-3 odd\">\n\t<td class=\"column-2\">10:00 - 12:00<\/td><td class=\"column-3\">Tehnologii Internet - proiect<\/td><td class=\"column-4\">laborator<\/td><td class=\"column-5\">C0-4<\/td><td class=\"column-6\">1308A\/1308B<\/td>\n<\/tr>\n<tr class=\"row-4 even\">\n\t<td class=\"column-2\">12:00 - 14:00<\/td><td class=\"column-3\">Tehnologii Internet - proiect<\/td><td class=\"column-4\">laborator<\/td><td class=\"column-5\">C0-4<\/td><td class=\"column-6\">1309A\/1309B<\/td>\n<\/tr>\n<tr class=\"row-5 odd\">\n\t<td rowspan=\"4\" class=\"column-1\">Mar\u021bi<\/td><td class=\"column-2\">08:00 - 10:00<\/td><td class=\"column-3\">Programare orientat\u0103 pe servicii (eng.)<\/td><td class=\"column-4\">laborator<\/td><td class=\"column-5\">C1-4<\/td><td class=\"column-6\">DSWT I 1A<\/td>\n<\/tr>\n<tr class=\"row-6 even\">\n\t<td class=\"column-2\">10:00 - 12:00<\/td><td class=\"column-3\">Sisteme distribuite<\/td><td class=\"column-4\">laborator<\/td><td class=\"column-5\">C2-11<\/td><td class=\"column-6\">1309B<\/td>\n<\/tr>\n<tr class=\"row-7 odd\">\n\t<td class=\"column-2\">12:00 - 14:00<\/td><td class=\"column-3\">Sisteme distribuite<\/td><td class=\"column-4\">laborator<\/td><td class=\"column-5\">C2-11<\/td><td class=\"column-6\">1305A<\/td>\n<\/tr>\n<tr class=\"row-8 even\">\n\t<td class=\"column-2\">14:00 - 16:00<\/td><td class=\"column-3\">Sisteme distribuite<\/td><td class=\"column-4\">laborator<\/td><td class=\"column-5\">C2-11<\/td><td class=\"column-6\">1305B<\/td>\n<\/tr>\n<tr class=\"row-9 odd\">\n\t<td rowspan=\"4\" class=\"column-1\">Miercuri<\/td><td class=\"column-2\">08:00 - 10:00<\/td><td class=\"column-3\">Proiectarea algoritmilor<\/td><td class=\"column-4\">laborator<\/td><td class=\"column-5\">C0-3<\/td><td class=\"column-6\">1205A<\/td>\n<\/tr>\n<tr class=\"row-10 even\">\n\t<td class=\"column-2\">10:00 - 12:00<\/td><td class=\"column-3\">-<\/td><td class=\"column-4\"><\/td><td class=\"column-5\"><\/td><td class=\"column-6\"><\/td>\n<\/tr>\n<tr class=\"row-11 odd\">\n\t<td class=\"column-2\">12:00 - 14:00<\/td><td class=\"column-3\">Proiectarea algoritmilor<\/td><td class=\"column-4\">laborator<\/td><td class=\"column-5\">C1-3<\/td><td class=\"column-6\">1209A<\/td>\n<\/tr>\n<tr class=\"row-12 even\">\n\t<td class=\"column-2\">14:00 - 16:00<\/td><td class=\"column-3\">Proiectarea algoritmilor<\/td><td class=\"column-4\">laborator<\/td><td class=\"column-5\">C1-4<\/td><td class=\"column-6\">1209B<\/td>\n<\/tr>\n<tr class=\"row-13 odd\">\n\t<td rowspan=\"3\" class=\"column-1\">Vineri<\/td><td class=\"column-2\">08:00 - 10:00<\/td><td class=\"column-3\">Programare orientat\u0103 pe servicii (ro.)<\/td><td class=\"column-4\">laborator<\/td><td class=\"column-5\">C0-3<\/td><td class=\"column-6\">SDTW I 1A<\/td>\n<\/tr>\n<tr class=\"row-14 even\">\n\t<td class=\"column-2\">10:00 - 12:00<\/td><td class=\"column-3\">Sisteme distribuite<\/td><td class=\"column-4\">laborator<\/td><td class=\"column-5\">C2-11<\/td><td class=\"column-6\">1308B<\/td>\n<\/tr>\n<tr class=\"row-15 odd\">\n\t<td class=\"column-2\">12:00 - 14:00<\/td><td class=\"column-3\">Sisteme distribuite<\/td><td class=\"column-4\">laborator<\/td><td class=\"column-5\">C2-11<\/td><td class=\"column-6\">1310A<\/td>\n<\/tr>\n<\/tbody>\n<\/table>\n<!-- #tablepress-orar_sem2 from cache -->\n<h3 id=\"Discipline-predate\">Discipline predate<\/h3>\n<h4>Titular de curs la disciplinele:<\/h4>\n<ul>\n<li>Programare web (2019 &#8211; prezent)<\/li>\n<li>Cloud Computing (2019 &#8211; prezent)<\/li>\n<li><a href=\"http:\/\/www.dc.ac.tuiasi.ro\/educatie\/discipline\/?specializare=TI&amp;an=3&amp;sem=1&amp;curs=Tehnologii+Internet\">Tehnologii Internet<\/a> (2014 &#8211; 2019)<\/li>\n<li>Tehnologii Internet &#8211; proiect (2015 &#8211; 2019)<\/li>\n<\/ul>\n<h4>Titular lucr\u0103ri de laborator la disciplinele:<\/h4>\n<ul>\n<li>Paradigme de Programare (2008 &#8211; 2018)<\/li>\n<li>Proiectarea Algoritmilor (2012 &#8211; prezent)<\/li>\n<li>Programare 2 (2012 &#8211; 2016)<\/li>\n<li>Tehnologii Internet (2014 &#8211; 2019)<\/li>\n<li>Tehnologii Internet &#8211; proiect (2015 &#8211; 2019)<\/li>\n<li>Programare web (2019 &#8211; prezent)<\/li>\n<li>Sisteme Distribuite (2012 &#8211; 2019)<\/li>\n<li>Algoritmi Paraleli \u0219i Distribui\u021bi (2013 &#8211; prezent)<\/li>\n<li>Fundamentele Sistemelor Distribuite (2012 &#8211; 2013)<\/li>\n<li>Programarea orientat\u0103 pe servicii (2018 &#8211; 2019)<\/li>\n<li>Service Oriented Programming &#8211; \u00een limba englez\u0103 (2017 &#8211; 2019)<\/li>\n<li>Cloud Computing (2019 &#8211; prezent)<\/li>\n<\/ul>\n<h3 id=\"\u00cendrum\u0103tor\">\u00cendrum\u0103tor<\/h3>\n<p><strong>Conducere lucr\u0103ri de diplom\u0103 \u0219i diserta\u021bie:<\/strong><\/p>\n<h4>2020 &#8211; diplom\u0103<\/h4>\n<ul>\n<li>Amariei Marinel &#8211; <em>Sistem de predic\u021bie a evolu\u021biei pie\u021bei bursiere<\/em><\/li>\n<li>Arteni Denisia-Elena &#8211; <em>Planificarea transportului feroviar utiliz\u00e2nd strategii evolutive distribuite<\/em><\/li>\n<li>Baciu Daniel-Marian\u00a0&#8211; <em>Managementul comenzilor \u00eentr-un restaurant<\/em><\/li>\n<li>Bleju\u0219c\u0103 Oana-Maria\u00a0&#8211; <em>Solu\u021bie integrat\u0103 pentru sisteme de recomandare bazat\u0103 pe con\u021binut<\/em><\/li>\n<li>Dobrincu Octavian &#8211;<em> Sistem online pentru dezvoltarea g\u00e2ndirii algoritmice \u0219i a abilit\u0103\u021bilor de programare<\/em><\/li>\n<li>Huminiuc Mihai-Daniel &#8211;\u00a0<em>Aplica\u021bie pentru detectarea plagiatului<\/em><\/li>\n<li>Onea Irina &#8211;\u00a0<em>Optimizarea consumului de energie electric\u0103 folosind servicii cloud<\/em><\/li>\n<li>Zaharii Evelina-Liliana &#8211;\u00a0<em>Corectarea disfunc\u021bionalit\u0103\u021bilor de comportament cu ajutorul unei aplica\u021bii web<\/em><\/li>\n<\/ul>\n<h4>2019 &#8211; diplom\u0103<\/h4>\n<ul>\n<li>Aeloaiei Vlad-Constantin &#8211; <em>Solu\u021bie de apelare la distan\u021b\u0103 \u00eentr-o aplica\u021bie de tipul remote desktop<\/em><\/li>\n<li>Dobreanu Mircea-Constantin &#8211; <em>Platform\u0103 distribuit\u0103 pentru reg\u0103sirea \u0219i extragerea produselor<\/em><\/li>\n<li>Puiu Sebastian &#8211; <em>Sistem descentralizat de stocare a fi\u0219ierelor bazat pe blockchain<\/em><\/li>\n<li>R\u0103\u0163oi C\u0103t\u0103lin-\u015etefan &#8211; <em>Sistem de administrare a serviciilor hoteliere<\/em><\/li>\n<li>Rusu Ana-Maria &#8211; <em>Solu\u021bie pentru distribuirea unei baze de date rela\u021bionale<\/em><\/li>\n<li>Zavalichi R\u0103zvan-Andrei &#8211; <em>Traffic Simulator<\/em><\/li>\n<\/ul>\n<h4>2019 &#8211; diserta\u021bie<\/h4>\n<ul>\n<li>Pohrib Petre Mihail &#8211; <em>Smart phone shopping solution for information retrieval and extraction<\/em><\/li>\n<li>Zugravu Bogdan &#8211; <em>Targeted web crawling and data management<\/em><\/li>\n<\/ul>\n<h4>2018<\/h4>\n<ul>\n<li>Ciubotariu Florin-Constantin &#8211; <em>AutoCompanion, sistem de gestiune a ma\u0219inilor personale<\/em><\/li>\n<li>Cotilici Ana-Maria &#8211; <em>Testarea aptitudinilor \u0219i a capacit\u0103\u021bii analitice prin intermediul jocului<\/em><\/li>\n<li>Gandacov Ivan &#8211; <em>Extragerea \u0219i recunoa\u0219terea cifrelor \u00eentr-un document scris de m\u00e2n\u0103<\/em><\/li>\n<li>Grigora\u0219 M\u0103d\u0103lina-Petronela &#8211; <em>New Home Advisor: Recomandare de locuinte<\/em><\/li>\n<li>Nic\u0103u Andrei-Bogdan &#8211; <em>Co\u0219ul de re\u021bete. Agregator, sistem de recomandare \u0219i rating al re\u021betelor<\/em><\/li>\n<li>Ursu Maria &#8211; <em>Aplicarea metodelor de reg\u0103sire a informa\u021biei \u0219i a algoritmilor genetici \u00een planificarea c\u0103l\u0103toriilor<\/em><\/li>\n<\/ul>\n<h4>2017<\/h4>\n<ul>\n<li>Cantoriu Eduard-Florentin &#8211;\u00a0<em>Optimizarea traficului utiliz\u00e2nd elemente de inteligen\u021b\u0103 artificial\u0103<\/em><\/li>\n<li>Ciobanu Mihaela-Adriana &#8211;\u00a0<em>Geo-localizarea \u0219i clusterizarea pe hart\u0103 a tweet-urilor \u00een timp real<\/em><\/li>\n<li>Roban Ionu\u021b-Drago\u0219 &#8211;\u00a0<em>Modele de c\u0103utare pentru articole multimedia<\/em><\/li>\n<li>Vasluianu Cristian-Ilie &#8211;\u00a0<em>Alocarea eficient\u0103 a task-urilor \u00eentr-un sistem distribuit<\/em><\/li>\n<li>Zugravu Bogdan &#8211; <em>Tehnici pentru simularea comportamentului unui tanc controlat de calculator<\/em><\/li>\n<\/ul>\n<h4>2016<\/h4>\n<ul>\n<li>Cobelea Diana &#8211; <em>Reg\u0103sirea evenimentelor pe web<\/em><\/li>\n<li>Co\u0219m\u0103nescu Andreea-Roxana &#8211; <em>TripPlanner &#8211; Aplicarea tehnicilor de reg\u0103sire a informa\u021biilor \u0219i a algoritmilor genetici \u00een planificarea c\u0103l\u0103toriilor<\/em><\/li>\n<li>Hrimiuc Ionu\u021b-Cristian &#8211; <em>Abordarea problemei orarului universitar utiliz\u00e2nd algoritmul iterative forward search<\/em><\/li>\n<li>Petra\u0219 Roxana &#8211; <em>Recunoa\u0219terea gesturilor folosind accelerometrul<\/em><\/li>\n<li>Puiu Vasilica Georgiana &#8211; <em>Platform\u0103 pentru rezerv\u0103ri \u0219i program\u0103ri<\/em><\/li>\n<\/ul>\n<h4>2015<\/h4>\n<ul>\n<li>Bulgariu Alexandru-Petru &#8211; <em>Sistem de gestionare a concursurilor de algoritmic\u0103 \u0219i programare<\/em><\/li>\n<li>Cozma Andrei &#8211; <em>Implementarea unui sistem de administrare a con\u021binutui pentru v\u00e2nzarea biletelor la cinematograf<\/em><\/li>\n<li>Iacob Vlad-Alin &#8211; <em>Re\u021bea social\u0103 extensibil\u0103 bazat\u0103 pe resurse de Cloud<\/em><\/li>\n<li>Iordache Beatrice &#8211; <em>Aplica\u021bie mobile pentru acces remote la PC<\/em><\/li>\n<li>Mardare Bogdan-Mihai &#8211; <em>Gestionare, completare \u0219i generare documente bancare<\/em><\/li>\n<li>Scutariu Andrei &#8211; <em>Administrarea Campusului Tudor Vladimirescu<\/em><\/li>\n<\/ul>\n<h4>2014<\/h4>\n<ul>\n<li>Arion Alin-Lucian &#8211; <em>Maparea task-urilor \u00eentr-un sistem distribuit centralizat<\/em><\/li>\n<li>Onofrei George &#8211; <em>Recommendations using collaborative filtering<\/em><\/li>\n<li>Tabacariu Adrian &#8211; <em>Sistem distribuit de fi\u0219iere audio<\/em><\/li>\n<li>Vi\u0219oiu Daniel-George &#8211; <em>Administrarea unui cluster de calculatoare<\/em><\/li>\n<li>V\u00eern\u0103 Maria-Alexandra &#8211; <em>Recunoa\u0219terea textului din imagini utiliz\u00e2nd re\u021bele neuronale<\/em><\/li>\n<\/ul>\n<h4>2013<\/h4>\n<ul>\n<li>Pav\u0103l Petric\u0103-Alexandru &#8211; <em>Vehicul controlat prin intermediul unui dispozitiv mobil cu Android<\/em><\/li>\n<li>Uncu\u021b\u0103 Constantin &#8211; <em>Editarea colaborativ\u0103 \u00een timp real a documentelor<\/em><\/li>\n<\/ul>\n","protected":false},"excerpt":{"rendered":"<p>Orar facultate Discipline predate Titular de curs la disciplinele: Programare web (2019 &#8211; prezent) Cloud Computing (2019 &#8211; prezent) Tehnologii Internet (2014 &#8211; 2019) Tehnologii Internet &#8211; proiect (2015 &#8211; 2019) Titular lucr\u0103ri de laborator la disciplinele: Paradigme de Programare (2008 &#8211; 2018) Proiectarea Algoritmilor (2012 &#8211; prezent) Programare 2 (2012 &#8211; 2016) Tehnologii Internet [&hellip;]<\/p>\n","protected":false},"author":8,"featured_media":0,"parent":0,"menu_order":0,"comment_status":"closed","ping_status":"closed","template":"","meta":{"_links_to":"","_links_to_target":""},"_links":{"self":[{"href":"http:\/\/www.personal.ac.tuiasi.ro\/adrian-alexandrescu\/wp-json\/wp\/v2\/pages\/136"}],"collection":[{"href":"http:\/\/www.personal.ac.tuiasi.ro\/adrian-alexandrescu\/wp-json\/wp\/v2\/pages"}],"about":[{"href":"http:\/\/www.personal.ac.tuiasi.ro\/adrian-alexandrescu\/wp-json\/wp\/v2\/types\/page"}],"author":[{"embeddable":true,"href":"http:\/\/www.personal.ac.tuiasi.ro\/adrian-alexandrescu\/wp-json\/wp\/v2\/users\/8"}],"replies":[{"embeddable":true,"href":"http:\/\/www.personal.ac.tuiasi.ro\/adrian-alexandrescu\/wp-json\/wp\/v2\/comments?post=136"}],"version-history":[{"count":20,"href":"http:\/\/www.personal.ac.tuiasi.ro\/adrian-alexandrescu\/wp-json\/wp\/v2\/pages\/136\/revisions"}],"predecessor-version":[{"id":772,"href":"http:\/\/www.personal.ac.tuiasi.ro\/adrian-alexandrescu\/wp-json\/wp\/v2\/pages\/136\/revisions\/772"}],"wp:attachment":[{"href":"http:\/\/www.personal.ac.tuiasi.ro\/adrian-alexandrescu\/wp-json\/wp\/v2\/media?parent=136"}],"curies":[{"name":"wp","href":"https:\/\/api.w.org\/{rel}","templated":true}]}}