{"id":128,"date":"2017-11-19T07:32:48","date_gmt":"2017-11-19T07:32:48","guid":{"rendered":"http:\/\/www.personal.ac.tuiasi.ro\/adrian-alexandrescu\/?page_id=128"},"modified":"2018-10-19T10:48:09","modified_gmt":"2018-10-19T10:48:09","slug":"alte-activitati","status":"publish","type":"page","link":"http:\/\/www.personal.ac.tuiasi.ro\/adrian-alexandrescu\/alte-activitati\/","title":{"rendered":"Alte activit\u0103\u021bi"},"content":{"rendered":"<h3 id=\"Organizator\u00a0manifest\u0103ri-\u015fti\">Organizator\u00a0manifest\u0103ri \u015ftiin\u0163ifice<\/h3>\n<ul>\n<li>Membru \u00een comitetul de organizare a\u00a0<em>The XXIV International Conference on Robotics<\/em> (ROBOTICS 2018)<\/li>\n<li>Membru \u00een comitetul de organizare a\u00a0<em>21st International Conference on System Theory, Control and Computing<\/em> (ICSTCC 2017)<\/li>\n<li>Co-chair la sesiunea\u00a0<em>Technical Session 6: Product-service systems<\/em>\u00a0\u00eempreun\u0103 cu Sergio Cavalieri [IT] la\u00a0<em>7th International Conference on Exploring Service Science, IESS 1.6<\/em>, 25-27 mai 2016.<\/li>\n<\/ul>\n<h3 id=\"Referent-\u0219tiin\u021bific\">Referent \u0219tiin\u021bific<\/h3>\n<ul>\n<li>Revista <em>Service Science INFORMS<\/em> (2017)<\/li>\n<li>7th International Conference on Exploring Service Science, IESS 1.6 (2016)<\/li>\n<li>15th RoEduNet International Conference &#8211; Networking in Education and Research (NER&#8217;2016)<\/li>\n<li>19th International Conference on System Theory, Control and Computing (ICSTCC 2015)<\/li>\n<li>14th RoEduNet International Conference &#8211; Networking in Education and Research (NER&#8217;2015)<\/li>\n<li>18th International Conference on System Theory, Control and Computing (ICSTCC 2014)<\/li>\n<li>17th International Conference on System Theory, Control and Computing (ICSTCC 2013)<\/li>\n<\/ul>\n<h3 id=\"Realiz\u0103ri\">Activitatea cu studen\u021bii<\/h3>\n<ul>\n<li>Antrenorul echipelor de studen\u021bi de la AC care particip\u0103 la concursurile de algoritmic\u0103 \u0219i programare <em><a href=\"http:\/\/www.acm.ro\/\">ACM<\/a><\/em> \u0219i <a href=\"http:\/\/www.infoarena.ro\/onis-2016\"><em>ONIS<\/em><\/a> (2012 &#8211; prezent).<br \/>\nParticipare la faza pe sud-estul Europei a concursului ACM (2013, 2014, 2017, 2018).<\/li>\n<li>Membru \u00een juriul de la\u00a0<em>Sesiunea de Comunic\u0103ri \u0218tiin\u021bifice Studen\u021be\u0219ti (SCSS 2017) &#8211; sec\u021biunea Aplica\u021bii software \u0219i tehnologii web<\/em>\u00a0(12.05.2017).<\/li>\n<li>Membru \u00een juriul de la\u00a0<em>Sesiunea de Comunic\u0103ri \u0218tiin\u021bifice Studen\u021be\u0219ti (SCSS 2015) &#8211; sec\u021biunea 4 &#8211; Tehnologii WEB<\/em>\u00a0(21.05.2015).<\/li>\n<li>Co-organizator a rundei 3 de la concursul de algoritmic\u0103 \u0219i programare <em>ONIS 2015<\/em> desf\u0103\u0219urat\u0103 la Ia\u0219i\u00a0<a href=\"http:\/\/www.infoarena.ro\/onis-2015\/runda-3\">http:\/\/www.infoarena.ro\/onis-2015\/runda-3<\/a>.<\/li>\n<li>Sus\u021binere prelegeri \u00een cadrul <em>Cursului Academic de Var\u0103 &#8220;make IT to the Clouds&#8221;<\/em>, organizat de BEST Ia\u0219i, \u00een parteneriat cu Universitatea Tehnic\u0103 &#8220;Gheorghe Asachi&#8221; din Ia\u0219i, SCC Services Romania \u0219i Centric. Au fost prezen\u021bi 17 studen\u021bi din 14 \u021b\u0103ri \u00een perioada 12 &#8211; 21 iulie 2015. Cele patru prelegeri sus\u021binute au fost: MapReduce programming model, Distributed File Systems, Web Distributed Systems Design \u0219i Internet and the World Wide Web.<\/li>\n<li>Propunere de subiecte \u0219i evaluarea proiectelor la concursul <em>ITMarathon<\/em> \u00een fiecare an la cel pu\u021bin dou\u0103 din sec\u021biunile Desktop, Web \u0219i Junior Programmer (2013 &#8211; prezent).<\/li>\n<li>Secretar \u00een comisia de licen\u021b\u0103\/diplom\u0103 specializarea Tehnologia informa\u021biei (2013 &#8211; prezent).<\/li>\n<li>Elaborarea de subiecte la sec\u021biunea Tehnologii Internet de la proba scris\u0103 a examenului de licen\u021b\u0103\/diplom\u0103 (2014 &#8211; prezent).<\/li>\n<\/ul>\n<h3 id=\"Alte-activit\u0103\u021bi-\u00een-mediul-a\">Alte activit\u0103\u021bi \u00een mediul academic<\/h3>\n<ul>\n<li>Membru \u00een grupul care a realizat aplica\u021bia de admitere pe universitate (folosit\u0103 \u0219i de facultate) &#8211;\u00a0<a href=\"https:\/\/www.admitere2017.tuiasi.ro\">https:\/\/www.admitere2017.tuiasi.ro<\/a> (din 2017).<\/li>\n<li>Instalarea, configurarea \u0219i managementul datelor din platforma MOODLE &#8211;\u00a0<a href=\"http:\/\/moodle.dc.ac.tuiasi.ro\/\">http:\/\/moodle.dc.ac.tuiasi.ro<\/a>\u00a0(2014 &#8211; prezent).<\/li>\n<li>Crearea \u0219i managementul datelor din site-ul departamentului de Calculatoare &#8211;\u00a0<a href=\"http:\/\/www.dc.ac.tuiasi.ro\/\">http:\/\/www.dc.ac.tuiasi.ro<\/a>\u00a0(2016 &#8211; prezent).<\/li>\n<li>Implicare \u00een crearea site-ului facult\u0103\u021bii, a celui de admitere \u0219i site-ului conferin\u021bei ICSTCC 2017 (2016 &#8211; prezent).<\/li>\n<li>Instalarea \u0219i configurarea sistemului de versionare GitLab pentru studen\u021bi (\u00een special cei din anul III TI) de la adresa\u00a0<a href=\"http:\/\/gitlab.cti.ace.tuiasi.ro:8989\/\">http:\/\/gitlab.cti.ace.tuiasi.ro:8989<\/a> (2016 &#8211; 2017).<\/li>\n<li>Coordonatorul grupului de studen\u021bi IT Group &#8211; au fost realizate trei proiecte: site-ul grupului, o aplica\u021bie de admitere \u0219i o aplica\u021bie de cazare &#8211;\u00a0<a href=\"https:\/\/itgroup.ac.tuiasi.ro\/\">https:\/\/itgroup.ac.tuiasi.ro<\/a>\u00a0(site inactiv) (2016).<\/li>\n<\/ul>\n<h3 id=\"Proiecte\">Proiecte personale<\/h3>\n<ul>\n<li><em>MailBlast<\/em> &#8211; aplica\u021bie de trimis mailuri \u00een Java folosit\u0103 pentru trimiterea invita\u021biilor la conferin\u021ba ICSTCC 2017 (2017).<\/li>\n<li><em>PriceChecker<\/em> &#8211; aplica\u021bie web\/Java pentru verificarea pre\u021burilor la diverse magazine online (2016-2017).<\/li>\n<li><em>Complete Exam Solution<\/em> &#8211; aplica\u021bie Java pentru generarea \u0219i evaluarea testelor (2015-2017).<\/li>\n<li><em>Dynamic Sensor Mapping Simulator<\/em> &#8211; aplica\u021bie Java (2012).<\/li>\n<li><em>Task Mapping Simulation Framework<\/em> &#8211; aplica\u021bie Java &#8211; utilizat\u0103 la doctorat (2010-2013).<\/li>\n<li><em>Distributed File Management System<\/em> &#8211; aplica\u021bie Java &#8211; lucrare de dizerta\u021bie (2009).<\/li>\n<li><em>The Genetic Algorithm Framework: The Timetable Problem<\/em> &#8211; aplica\u021bie Java pentru crearea orarului la facultate \u2013 lucrare de licen\u021b\u0103 (2008).<\/li>\n<li><em>The Library<\/em> &#8211; aplica\u021bie pentru managementul c\u0103r\u021bilor din biblioteca personal\u0103; trei versiuni utiliz\u00e2nd: (1) C#, (2) Java SE \u0219i EE cu baz\u0103 de date MySQL \u0219i server Jboss \u0219i (3) Flex 3 \u0219i Action Script 3 av\u00e2nd interfa\u021b\u0103 web (2006-2008).<\/li>\n<li><em>ClusterStats<\/em> &#8211; aplica\u021bie C# pentru monitorizarea calculatoarelor dintr-un cluster \u0219i stocarea datelor referitoare la starea calculatoarelor \u00eentr-o baz\u0103 de date (2006).<\/li>\n<li><em>Septica<\/em> &#8211; jocul de c\u0103r\u021bi \u0219eptica &#8211; dou\u0103 versiuni a jocului de c\u0103r\u021bi cu acela\u0219i nume: una cu AI, iar cea de-a doua \u00een re\u021bea &#8211; Java (2005-2006).<\/li>\n<li><em>The Fifa Project<\/em> &#8211; website pentru managementul campionatului de jocul Fifa din campusul Tudor Vladimirescu &#8211; cu PHP, MySQL, HTML \u0219i CSS (2005-2008).<\/li>\n<li><em>Rentz<\/em> &#8211; jocul de c\u0103r\u021bi Ren\u021b \u00een limbajul Pascal (2002-2003).<\/li>\n<\/ul>\n","protected":false},"excerpt":{"rendered":"<p>Organizator\u00a0manifest\u0103ri \u015ftiin\u0163ifice Membru \u00een comitetul de organizare a\u00a0The XXIV International Conference on Robotics (ROBOTICS 2018) Membru \u00een comitetul de organizare a\u00a021st International Conference on System Theory, Control and Computing (ICSTCC 2017) Co-chair la sesiunea\u00a0Technical Session 6: Product-service systems\u00a0\u00eempreun\u0103 cu Sergio Cavalieri [IT] la\u00a07th International Conference on Exploring Service Science, IESS 1.6, 25-27 mai 2016. Referent [&hellip;]<\/p>\n","protected":false},"author":8,"featured_media":0,"parent":0,"menu_order":0,"comment_status":"closed","ping_status":"closed","template":"","meta":{"_links_to":"","_links_to_target":""},"_links":{"self":[{"href":"http:\/\/www.personal.ac.tuiasi.ro\/adrian-alexandrescu\/wp-json\/wp\/v2\/pages\/128"}],"collection":[{"href":"http:\/\/www.personal.ac.tuiasi.ro\/adrian-alexandrescu\/wp-json\/wp\/v2\/pages"}],"about":[{"href":"http:\/\/www.personal.ac.tuiasi.ro\/adrian-alexandrescu\/wp-json\/wp\/v2\/types\/page"}],"author":[{"embeddable":true,"href":"http:\/\/www.personal.ac.tuiasi.ro\/adrian-alexandrescu\/wp-json\/wp\/v2\/users\/8"}],"replies":[{"embeddable":true,"href":"http:\/\/www.personal.ac.tuiasi.ro\/adrian-alexandrescu\/wp-json\/wp\/v2\/comments?post=128"}],"version-history":[{"count":24,"href":"http:\/\/www.personal.ac.tuiasi.ro\/adrian-alexandrescu\/wp-json\/wp\/v2\/pages\/128\/revisions"}],"predecessor-version":[{"id":674,"href":"http:\/\/www.personal.ac.tuiasi.ro\/adrian-alexandrescu\/wp-json\/wp\/v2\/pages\/128\/revisions\/674"}],"wp:attachment":[{"href":"http:\/\/www.personal.ac.tuiasi.ro\/adrian-alexandrescu\/wp-json\/wp\/v2\/media?parent=128"}],"curies":[{"name":"wp","href":"https:\/\/api.w.org\/{rel}","templated":true}]}}