{"id":108,"date":"2017-11-19T07:24:45","date_gmt":"2017-11-19T07:24:45","guid":{"rendered":"http:\/\/www.personal.ac.tuiasi.ro\/adrian-alexandrescu\/?page_id=108"},"modified":"2021-01-09T03:31:08","modified_gmt":"2021-01-09T03:31:08","slug":"cercetare","status":"publish","type":"page","link":"http:\/\/www.personal.ac.tuiasi.ro\/adrian-alexandrescu\/cercetare\/","title":{"rendered":"Cercetare"},"content":{"rendered":"<h3 id=\"Interese-de-cercetare\">Interese de cercetare<\/h3>\n<p>Sisteme de recomandare, inteligen\u021b\u0103 artificial\u0103 (algoritmi genetici, re\u021bele neuronale, agen\u021bi inteligen\u021bi),\u00a0re\u021bele de senzori, segmentare semantic\u0103, motoare de c\u0103utare, web crawler, maparea task-urilor \u00een sistemele distribuite.<\/p>\n<h3 id=\"Articole\">Articole<\/h3>\n<p>&nbsp;<\/p>\n<table class=\"publicationsTable\">\n<tbody>\n<tr>\n<th colspan=\"2\">\n<h4>2020<\/h4>\n<\/th>\n<\/tr>\n<tr>\n<td>Conferin\u021b\u0103<br \/>\nISI Proceedings<\/td>\n<td>Stefan Daniel Achirei, Otilia Zvoristeanu, <strong>Adrian Alexandrescu<\/strong>, Nicolae Alexandru Botezatu, Andrei Stan, Cristian Rotariu, Robert Gabriel Lupu, Simona Caraiman, <em>Remote Monitoring of Physiological Parameters used in Ambient Assistive Technologies<\/em>, 2020 International Conference on e-Health and Bioengineering (EHB), Octombrie 2020.<\/td>\n<\/tr>\n<tr>\n<td>Conferin\u021b\u0103<br \/>\nISI Proceedings<\/td>\n<td>Stefan Daniel Achirei, Otilia Zvoristeanu, <strong>Adrian Alexandrescu<\/strong>, Nicolae Alexandru Botezatu, Andrei Stan, Cristian Rotariu, Robert Gabriel Lupu, Simona Caraiman,\u00a0<em>SMARTCARE: On the Design of an IoT Based Solution for Assisted Living<\/em>, 2020 International Conference on e-Health and Bioengineering (EHB), Octombrie 2020.<\/td>\n<\/tr>\n<tr>\n<td>Conferin\u021b\u0103<br \/>\nISI Proceedings<\/td>\n<td><strong>Adrian Alexandrescu<\/strong>, Gheorghi\u021b\u0103 Butnaru,\u00a0<em>An architecture of identity management and thirdparty integration for online teaching in a university<\/em>, 24th International Conference on System Theory, Control, and Computing (ICSTCC), 2020, pg. 850-855, Octombrie 2020.<\/td>\n<\/tr>\n<tr>\n<th colspan=\"2\">\n<h4>2019<\/h4>\n<\/th>\n<\/tr>\n<tr>\n<td>Revist\u0103<br \/>\nSCOPUS<\/td>\n<td><strong>Adrian Alexandrescu<\/strong>, <em>Optimization and Security in Information Retrieval, Extraction, Processing, and Presentation on a Cloud Platform<\/em>, Information 10.6 (2019), 200.\u00a0https:\/\/doi.org\/10.3390\/info10060200<\/td>\n<\/tr>\n<tr>\n<th colspan=\"2\">\n<h4>2018<\/h4>\n<\/th>\n<\/tr>\n<tr>\n<td>Conferin\u021b\u0103<br \/>\nISI Proceedings<\/td>\n<td><strong>Adrian Alexandrescu<\/strong>, <em>A Distributed Framework for Information Retrieval, Processing and Presentation of Data<\/em>, 22nd International Conference on System Theory, Control, and Computing (ICSTCC), 2018, pg. 267-272, Octombrie 2018.<\/td>\n<\/tr>\n<tr>\n<td>Revist\u0103<br \/>\nBDI<\/td>\n<td><strong>Adrian Alexandrescu<\/strong>, <em>An Evaluation System for Contests and Classrooms<\/em>, BULLETIN OF THE POLYTECHNIC INSTITUTE OF IA\u015eI, Section of Electrical Engineering, Power Engineering, Electronics, Vol. 64 (68), No. 2, pg. 67-78, 2018.<\/td>\n<\/tr>\n<tr>\n<th colspan=\"2\">\n<h4>2017<\/h4>\n<\/th>\n<\/tr>\n<tr>\n<td>Revist\u0103<br \/>\nISI<\/td>\n<td><strong>Adrian Alexandrescu<\/strong>, Cristian Nicolae Butincu, Mitic\u0103 Craus. <em>Recommending Products and Services Belonging to Online Businesses Using Intelligent Agents<\/em>. Service Science 9.4, pg. 338-348, 2017.<\/td>\n<\/tr>\n<tr>\n<th colspan=\"2\">\n<h4>2016<\/h4>\n<\/th>\n<\/tr>\n<tr>\n<td>Conferin\u021b\u0103<br \/>\nISI Proceedings<\/td>\n<td><strong>Adrian Alexandrescu<\/strong>, Andrei Stan, Nicolae Botezatu, Simona Caraiman,\u00a0<em>Real-time inter-process communication in heterogeneous programming environments<\/em>, 20th International Conference on System Theory, Control, and Computing (ICSTCC), 2016, pg. 283-288, Octombrie 2016.<\/td>\n<\/tr>\n<tr>\n<td>Conferin\u021b\u0103<br \/>\nISI Proceedings<\/td>\n<td>Cristian Nicolae Bu\u021bincu,\u00a0<strong>Adrian Alexandrescu<\/strong>, Mitic\u0103 Craus,\u00a0<em>A challenge driven platform for development of new business models in the context of self-organizing product-service systems<\/em>, 15th RoEduNet International Conference &#8211; Networking in Education and Research (NER&#8217;2016), 2016, Septembrie 2016.<\/td>\n<\/tr>\n<tr>\n<td>Conferin\u021b\u0103<br \/>\nISI Proceedings<\/td>\n<td>Vasilica-Georgiana Puiu,\u00a0<strong>Adrian Alexandrescu<\/strong>,\u00a0<em>An Event-Driven Service-Oriented Architecture for Performing Actions on Business Organization Items<\/em>, International Conference on Exploring Services Science 1.6, 2016, pg. 432-443, Mai 2016.<\/td>\n<\/tr>\n<tr>\n<td>Conferin\u021b\u0103<br \/>\nISI Proceedings<\/td>\n<td><strong>Adrian Alexandrescu<\/strong>, Cristian Nicolae Bu\u021bincu, Mitic\u0103 Craus,\u00a0<em>Improving After-Sales Services Using Mobile Agents in a Service-Oriented Architecture<\/em>, International Conference on Exploring Services Science 1.6, 2016, pg. 444-456, Mai 2016.<\/td>\n<\/tr>\n<tr>\n<th colspan=\"2\">\n<h4>2015<\/h4>\n<\/th>\n<\/tr>\n<tr>\n<td>Conferin\u021b\u0103<br \/>\nISI Proceedings<\/td>\n<td><strong>Adrian Alexandrescu<\/strong>,\u00a0<em>Mapping interdependent tasks in a computational environment using genetic algorithms<\/em>, 14th RoEduNet International Conference &#8211; Networking in Education and Research (NER&#8217;2015), 2015, pg. 173-177, Septembrie 2015.<\/td>\n<\/tr>\n<tr>\n<td>Revist\u0103<\/td>\n<td>Vlad-Alin Iacob,\u00a0<strong>Adrian Alexandrescu<\/strong>,\u00a0<em>A Modular Social Networking Framework Using Cloud Resources<\/em>, Buletinul Institutului Politehnic din Ia\u015fi, vol. Tome LXI (LXV), no. Fasc. 2, pg. 9\u201318, 2015.<\/td>\n<\/tr>\n<tr>\n<td>Revist\u0103<\/td>\n<td>Andrei Scutariu,\u00a0<strong>Adrian Alexandrescu<\/strong>,\u00a0<em>Allocating Accommodation in a University Campus<\/em>, Buletinul Institutului Politehnic din Ia\u015fi, vol. Tome LXI (LXV), no. Fasc. 2, pg. 47\u201356, 2015.<\/td>\n<\/tr>\n<tr>\n<th colspan=\"2\">\n<h4>2014<\/h4>\n<\/th>\n<\/tr>\n<tr>\n<td>Conferin\u021b\u0103 IEEE Xplore<\/td>\n<td><strong>Adrian Alexandrescu<\/strong>,\u00a0<em>Methods for efficiently processing sets of interdependent tasks in a distributed environment<\/em>, 18th International Conference on System Theory, Control, and Computing (ICSTCC), 2014, pg. 452-457, Octombrie 2014.<\/td>\n<\/tr>\n<tr>\n<th colspan=\"2\">\n<h4>2013<\/h4>\n<\/th>\n<\/tr>\n<tr>\n<td>Revist\u0103<\/td>\n<td><strong>Adrian Alexandrescu<\/strong>,\u00a0<em>The Efficiency of Using Genetic Algorithms to Map Tasks with Priorities, Deadlines and Dependencies<\/em>, Buletinul Institutului Politehnic din Ia\u015fi, vol. Tome LIX (LXIII), no. Fasc. 2, pg. 9\u201322, 2013.<\/td>\n<\/tr>\n<tr>\n<th colspan=\"2\">\n<h4>2012<\/h4>\n<\/th>\n<\/tr>\n<tr>\n<td>Conferin\u021b\u0103 IEEE Xplore<\/td>\n<td><strong>Adrian Alexandrescu<\/strong>, Ioan Agavriloaei, Mitic\u0103 Craus,\u00a0<em>A Task Mapping Simulation Framework for Comparing the Performance of Mapping Heuristics in Various Scenarios<\/em>, 16th International Conference on System Theory, Control, and Computing (ICSTCC), 2012, pg. 1\u20136, Octombrie 2012.<\/td>\n<\/tr>\n<tr>\n<td>Revist\u0103<\/td>\n<td><strong>Adrian Alexandrescu<\/strong>, Fei Li, Schahram Dustdar, Mitic\u0103 Craus,\u00a0<em>Efficient Scheduling for Data Processing in Large-Scale Sensory Environments<\/em>, Journal of Applied Sciences, vol. 12, no. 19, pg. 2006\u20132015, 2012.<\/td>\n<\/tr>\n<tr>\n<th colspan=\"2\">\n<h4>2011<\/h4>\n<\/th>\n<\/tr>\n<tr>\n<td>Conferin\u021b\u0103 IEEE Xplore<\/td>\n<td><strong>Adrian Alexandrescu<\/strong>, Ioan Agavriloaei, Mitic\u0103 Craus,\u00a0<em>A Genetic Algorithm for Mapping Tasks in Heterogeneous Computing Systems<\/em>, 15th International Conference on System Theory, Control, and Computing (ICSTCC), 2011, pg. 1\u20136, Octombrie 2011.<\/td>\n<\/tr>\n<tr>\n<td>Conferin\u021b\u0103 IEEE Xplore<\/td>\n<td>Ioan Agavriloaei,\u00a0<strong>Adrian Alexandrescu<\/strong>, Mitic\u0103 Craus.\u00a0<em>Improving web clustering through a new modeling for web document<\/em>s, 15th International Conference on System Theory, Control, and Computing (ICSTCC), 2011, pg. 1\u20136, Octombrie 2011.<\/td>\n<\/tr>\n<tr>\n<td>Revist\u0103<\/td>\n<td><strong>Adrian Alexandrescu<\/strong>, Mitic\u0103 Craus, Ioan Agavriloaei,\u00a0<em>Determining the Best Mutation Probabilities of a Genetic Algorithm for Mapping Tasks<\/em>, Buletinul Institutului Politehnic din Ia\u015fi, vol. Tome LVII (LXI), no. Fasc. 2, pg. 21\u201330, 2011.<\/td>\n<\/tr>\n<tr>\n<td>Revist\u0103<\/td>\n<td>Ioan Agavriloaei, Mitic\u0103 Craus,\u00a0<strong>Adrian Alexandrescu<\/strong>,\u00a0<em>Performance Evaluation of a Two-Step Clustering Method<\/em>, Buletinul Institutului Politehnic din Ia\u015fi, vol. Tome LVII (LXI), no. Fasc. 2, pg. 31\u201343, 2011.<\/td>\n<\/tr>\n<tr>\n<th colspan=\"2\">\n<h4>2010<\/h4>\n<\/th>\n<\/tr>\n<tr>\n<td>Conferin\u021b\u0103<\/td>\n<td><strong>Adrian Alexandrescu<\/strong>, Mitic\u0103 Craus,\u00a0<em>Improving Mapping Heuristics in Heterogeneous Computing<\/em>, Proceedings ECIT2010 &#8211; 6th European Conference on Intelligent Systems and Technologies, October 7-9, Ia\u015fi, pg. 1\u201312, Octombrie 2010.<\/td>\n<\/tr>\n<tr>\n<td>Revist\u0103<\/td>\n<td><strong>Adrian Alexandrescu<\/strong>, Mihai Horia Zaharia,\u00a0<em>A Java Based Light Distributed File System<\/em>, Buletinul Institutului Politehnic din Ia\u015fi, vol. Tome LVI (LX), no. Fasc. 2, pg. 63\u201374, 2010.<\/td>\n<\/tr>\n<\/tbody>\n<\/table>\n<p>&nbsp;<\/p>\n<h3 id=\"Proiecte\">Proiecte<\/h3>\n<ol>\n<li>Membru \u00een proiectul FDI\u00a0<em>Competen\u021be cheie, comune mai multor ocupa\u021bii \u2013 Comunicare \u00een limba englez\u0103<\/em>\u00a0&#8211; CNFIS\u2013FDI\u20132019-0021, formator (2019).<\/li>\n<li>Membru \u00een proiectul FDI <em>Acces Direct prin Interna\u021bionalizare Digital\u0103 \u2013 DIGITALinTUIASI &#8211;\u00a0<\/em>CNFIS-FDI-2018-0006\u00a0(2018).<\/li>\n<li>Membru \u00een proiectul FDI <em>Instrumente pentru sus\u021binerea cercet\u0103rii de excelen\u021b\u0103 la TUIASI<\/em>\u00a0&#8211; CNFIS-FDI-2018-0351 (2018).<\/li>\n<li>Membru \u00een proiectul de cercetare\u00a0<em>Natural sense of vision through acoustics and haptics (Sound of Vision)<\/em>, grant H2020, Nr. 643636, perioada 01.01.2015 &#8211; 31.12.2017.<\/li>\n<li>Membru \u00een proiectul\u00a0<em>Programe de studii flexibile \u0219i competitive pentru IT&amp;C \u00een Regiunea de Dezvoltare Nord-Est (CompetIT&amp;C)<\/em>\u00a0&#8211; POSDRU\/156\/1.2\/G\/138873, expert pe termen scurt (2015).<\/li>\n<li>Membru \u00een proiectul\u00a0<em>ACTIV pe Pia\u021ba Muncii: Abilit\u0103\u021bi \u0219i Competen\u021be Tehnice pentru Integrare \u0219i Valorificare pe Pia\u021ba Muncii<\/em>\u00a0&#8211; POSDRU\/125\/5.1\/S\/125723, formator (2014-2015).<\/li>\n<\/ol>\n<p><!--\n\n\n<h4>2016<\/h4>\n\n\n\n\n<ol>\n \t\n\n<li><strong>Adrian Alexandrescu<\/strong>, Andrei Stan, Nicolae Botezatu, Simona Caraiman,\u00a0<em>Real-time inter-process communication in heterogeneous programming environments<\/em>, 20th International Conference on System Theory, Control, and Computing (ICSTCC), 2016, pg. 283-288, Octombrie 2016.<\/li>\n\n\n \t\n\n<li>Cristian Nicolae Bu\u021bincu,\u00a0<strong>Adrian Alexandrescu<\/strong>, Mitic\u0103 Craus,\u00a0<em>A challenge driven platform for development of new business models in the context of self-organizing product-service systems<\/em>, 15th RoEduNet International Conference - Networking in Education and Research (NER'2016), 2016, Septembrie 2016.<\/li>\n\n\n \t\n\n<li>Vasilica-Georgiana Puiu,\u00a0<strong>Adrian Alexandrescu<\/strong>,\u00a0<em>An Event-Driven Service-Oriented Architecture for Performing Actions on Business Organization Items<\/em>, International Conference on Exploring Services Science 1.6, 2016, pg. 432-443, Mai 2016.<\/li>\n\n\n \t\n\n<li><strong>Adrian Alexandrescu<\/strong>, Cristian Nicolae Bu\u021bincu, Mitic\u0103 Craus,\u00a0<em>Improving After-Sales Services Using Mobile Agents in a Service-Oriented Architecture<\/em>, International Conference on Exploring Services Science 1.6, 2016, pg. 444-456, Mai 2016.<\/li>\n\n\n<\/ol>\n\n\n\n\n<h4>2015<\/h4>\n\n\n<span data-mce-type=\"bookmark\" style=\"display: inline-block; width: 0px; overflow: hidden; line-height: 0;\" class=\"mce_SELRES_start\"><\/span>\n\n\n<ol>\n \t\n\n<li><strong>Adrian Alexandrescu<\/strong>,\u00a0<em>Mapping interdependent tasks in a computational environment using genetic algorithms<\/em>, 14th RoEduNet International Conference - Networking in Education and Research (NER'2015), 2015, pg. 173-177, Septembrie 2015.<\/li>\n\n\n \t\n\n<li>Vlad-Alin Iacob,\u00a0<strong>Adrian Alexandrescu<\/strong>,\u00a0<em>A Modular Social Networking Framework Using Cloud Resources<\/em>, Buletinul Institutului Politehnic din Ia\u015fi, vol. Tome LXI (LXV), no. Fasc. 2, pg. 9\u201318, 2015.<\/li>\n\n\n \t\n\n<li>Andrei Scutariu,\u00a0<strong>Adrian Alexandrescu<\/strong>,\u00a0<em>Allocating Accommodation in a University Campus<\/em>, Buletinul Institutului Politehnic din Ia\u015fi, vol. Tome LXI (LXV), no. Fasc. 2, pg. 47\u201356, 2015.<\/li>\n\n\n<\/ol>\n\n\n\n\n<h4>2014<\/h4>\n\n\n\n\n<ol>\n \t\n\n<li><strong>Adrian Alexandrescu<\/strong>,\u00a0<em>Methods for efficiently processing sets of interdependent tasks in a distributed environment<\/em>, 18th International Conference on System Theory, Control, and Computing (ICSTCC), 2014, pg. 452-457, Octombrie 2014.<\/li>\n\n\n<\/ol>\n\n\n\n\n<h4>2013<\/h4>\n\n\n\n\n<ol>\n \t\n\n<li><strong>Adrian Alexandrescu<\/strong>,\u00a0<em>The Efficiency of Using Genetic Algorithms to Map Tasks with Priorities, Deadlines and Dependencies<\/em>, Buletinul Institutului Politehnic din Ia\u015fi, vol. Tome LIX (LXIII), no. Fasc. 2, pg. 9\u201322, 2013.<\/li>\n\n\n<\/ol>\n\n\n\n\n<h4>2012<\/h4>\n\n\n\n\n<ol>\n \t\n\n<li><strong>Adrian Alexandrescu<\/strong>, Ioan Agavriloaei, Mitic\u0103 Craus,\u00a0<em>A Task Mapping Simulation Framework for Comparing the Performance of Mapping Heuristics in Various Scenarios<\/em>, 16th International Conference on System Theory, Control, and Computing (ICSTCC), 2012, pg. 1\u20136, Octombrie 2012.<\/li>\n\n\n \t\n\n<li><strong>Adrian Alexandrescu<\/strong>, Fei Li, Schahram Dustdar, Mitic\u0103 Craus,\u00a0<em>Efficient Scheduling for Data Processing in Large-Scale Sensory Environments<\/em>, Journal of Applied Sciences, vol. 12, no. 19, pg. 2006\u20132015, 2012.<\/li>\n\n\n<\/ol>\n\n\n\n\n<h4>2011<\/h4>\n\n\n\n\n<ol>\n \t\n\n<li><strong>Adrian Alexandrescu<\/strong>, Ioan Agavriloaei, Mitic\u0103 Craus,\u00a0<em>A Genetic Algorithm for Mapping Tasks in Heterogeneous Computing Systems<\/em>, 15th International Conference on System Theory, Control, and Computing (ICSTCC), 2011, pg. 1\u20136, Octombrie 2011.<\/li>\n\n\n \t\n\n<li>Ioan Agavriloaei,\u00a0<strong>Adrian Alexandrescu<\/strong>, Mitic\u0103 Craus.\u00a0<em>Improving web clustering through a new modeling for web document<\/em>s, 15th International Conference on System Theory, Control, and Computing (ICSTCC), 2011, pg. 1\u20136, Octombrie 2011.<\/li>\n\n\n \t\n\n<li><strong>Adrian Alexandrescu<\/strong>, Mitic\u0103 Craus, Ioan Agavriloaei,\u00a0<em>Determining the Best Mutation Probabilities of a Genetic Algorithm for Mapping Tasks<\/em>, Buletinul Institutului Politehnic din Ia\u015fi, vol. Tome LVII (LXI), no. Fasc. 2, pg. 21\u201330, 2011.<\/li>\n\n\n \t\n\n<li>Ioan Agavriloaei, Mitic\u0103 Craus,\u00a0<strong>Adrian Alexandrescu<\/strong>,\u00a0<em>Performance Evaluation of a Two-Step Clustering Method<\/em>, Buletinul Institutului Politehnic din Ia\u015fi, vol. Tome LVII (LXI), no. Fasc. 2, pg. 31\u201343, 2011.<\/li>\n\n\n<\/ol>\n\n\n\n\n<h4>2010<\/h4>\n\n\n\n\n<ol>\n \t\n\n<li><strong>Adrian Alexandrescu<\/strong>, Mitic\u0103 Craus,\u00a0<em>Improving Mapping Heuristics in Heterogeneous Computing<\/em>, Proceedings ECIT2010 - 6th European Conference on Intelligent Systems and Technologies, October 7-9, Ia\u015fi, pg. 1\u201312, Octombrie 2010.<\/li>\n\n\n \t\n\n<li><strong>Adrian Alexandrescu<\/strong>, Mihai Horia Zaharia,\u00a0<em>A Java Based Light Distributed File System<\/em>, Buletinul Institutului Politehnic din Ia\u015fi, vol. Tome LVI (LX), no. Fasc. 2, pg. 63\u201374, 2010.<\/li>\n\n\n<\/ol>\n\n\n--><\/p>\n","protected":false},"excerpt":{"rendered":"<p>Interese de cercetare Sisteme de recomandare, inteligen\u021b\u0103 artificial\u0103 (algoritmi genetici, re\u021bele neuronale, agen\u021bi inteligen\u021bi),\u00a0re\u021bele de senzori, segmentare semantic\u0103, motoare de c\u0103utare, web crawler, maparea task-urilor \u00een sistemele distribuite. Articole &nbsp; 2020 Conferin\u021b\u0103 ISI Proceedings Stefan Daniel Achirei, Otilia Zvoristeanu, Adrian Alexandrescu, Nicolae Alexandru Botezatu, Andrei Stan, Cristian Rotariu, Robert Gabriel Lupu, Simona Caraiman, Remote Monitoring [&hellip;]<\/p>\n","protected":false},"author":8,"featured_media":0,"parent":0,"menu_order":0,"comment_status":"closed","ping_status":"closed","template":"","meta":{"_links_to":"","_links_to_target":""},"_links":{"self":[{"href":"http:\/\/www.personal.ac.tuiasi.ro\/adrian-alexandrescu\/wp-json\/wp\/v2\/pages\/108"}],"collection":[{"href":"http:\/\/www.personal.ac.tuiasi.ro\/adrian-alexandrescu\/wp-json\/wp\/v2\/pages"}],"about":[{"href":"http:\/\/www.personal.ac.tuiasi.ro\/adrian-alexandrescu\/wp-json\/wp\/v2\/types\/page"}],"author":[{"embeddable":true,"href":"http:\/\/www.personal.ac.tuiasi.ro\/adrian-alexandrescu\/wp-json\/wp\/v2\/users\/8"}],"replies":[{"embeddable":true,"href":"http:\/\/www.personal.ac.tuiasi.ro\/adrian-alexandrescu\/wp-json\/wp\/v2\/comments?post=108"}],"version-history":[{"count":25,"href":"http:\/\/www.personal.ac.tuiasi.ro\/adrian-alexandrescu\/wp-json\/wp\/v2\/pages\/108\/revisions"}],"predecessor-version":[{"id":776,"href":"http:\/\/www.personal.ac.tuiasi.ro\/adrian-alexandrescu\/wp-json\/wp\/v2\/pages\/108\/revisions\/776"}],"wp:attachment":[{"href":"http:\/\/www.personal.ac.tuiasi.ro\/adrian-alexandrescu\/wp-json\/wp\/v2\/media?parent=108"}],"curies":[{"name":"wp","href":"https:\/\/api.w.org\/{rel}","templated":true}]}}